{"id":660,"date":"2026-03-17T11:42:24","date_gmt":"2026-03-17T11:42:24","guid":{"rendered":"https:\/\/reuniocercledeconomia.com\/inscripcion-ok\/"},"modified":"2026-03-24T16:21:08","modified_gmt":"2026-03-24T16:21:08","slug":"inscripcion-ok","status":"publish","type":"page","link":"https:\/\/reuniocercledeconomia.com\/es\/inscripcion-ok\/","title":{"rendered":"Inscripci\u00f3n OK"},"content":{"rendered":"[vc_row type=\u00bbfull_width_content\u00bb full_screen_row_position=\u00bbmiddle\u00bb column_margin=\u00bbdefault\u00bb column_direction=\u00bbdefault\u00bb column_direction_tablet=\u00bbdefault\u00bb column_direction_phone=\u00bbdefault\u00bb bg_color=\u00bb#05098B\u00bb scene_position=\u00bbcenter\u00bb left_padding_desktop=\u00bb100&#8243; left_padding_tablet=\u00bb10&#8243; text_color=\u00bbdark\u00bb text_align=\u00bbleft\u00bb row_border_radius=\u00bbnone\u00bb row_border_radius_applies=\u00bbbg\u00bb row_position_desktop=\u00bbdefault\u00bb row_position_tablet=\u00bbinherit\u00bb row_position_phone=\u00bbinherit\u00bb overflow=\u00bbvisible\u00bb overlay_strength=\u00bb0.3&#8243; gradient_direction=\u00bbleft_to_right\u00bb shape_divider_position=\u00bbbottom\u00bb bg_image_animation=\u00bbnone\u00bb gradient_type=\u00bbdefault\u00bb shape_type=\u00bb\u00bb][vc_column column_padding=\u00bbno-extra-padding\u00bb column_padding_tablet=\u00bbinherit\u00bb column_padding_phone=\u00bbinherit\u00bb column_padding_position=\u00bball\u00bb column_element_direction_desktop=\u00bbdefault\u00bb column_element_spacing=\u00bbdefault\u00bb desktop_text_alignment=\u00bbdefault\u00bb tablet_text_alignment=\u00bbdefault\u00bb phone_text_alignment=\u00bbdefault\u00bb background_color=\u00bb#FFFFFF\u00bb background_color_opacity=\u00bb1&#8243; background_hover_color_opacity=\u00bb1&#8243; column_backdrop_filter=\u00bbnone\u00bb column_shadow=\u00bbnone\u00bb column_border_radius=\u00bbnone\u00bb column_link_target=\u00bb_self\u00bb column_position=\u00bbdefault\u00bb gradient_direction=\u00bbleft_to_right\u00bb overlay_strength=\u00bb0.3&#8243; width=\u00bb1\/1&#8243; tablet_width_inherit=\u00bbdefault\u00bb animation_type=\u00bbdefault\u00bb bg_image_animation=\u00bbnone\u00bb border_type=\u00bbsimple\u00bb column_border_width=\u00bbnone\u00bb column_border_style=\u00bbsolid\u00bb column_padding_type=\u00bbdefault\u00bb content_layout=\u00bbdefault\u00bb gradient_type=\u00bbdefault\u00bb][vc_row_inner equal_height=\u00bbyes\u00bb content_placement=\u00bbbottom\u00bb column_margin=\u00bbdefault\u00bb column_direction=\u00bbdefault\u00bb column_direction_tablet=\u00bbdefault\u00bb column_direction_phone=\u00bbdefault\u00bb text_align=\u00bbleft\u00bb row_position=\u00bbdefault\u00bb row_position_tablet=\u00bbinherit\u00bb row_position_phone=\u00bbinherit\u00bb overflow=\u00bbvisible\u00bb pointer_events=\u00bball\u00bb][vc_column_inner column_padding=\u00bbpadding-4-percent\u00bb column_padding_tablet=\u00bbinherit\u00bb column_padding_phone=\u00bbinherit\u00bb column_padding_position=\u00bbleft-right\u00bb column_element_direction_desktop=\u00bbdefault\u00bb column_element_spacing=\u00bbdefault\u00bb desktop_text_alignment=\u00bbdefault\u00bb tablet_text_alignment=\u00bbdefault\u00bb phone_text_alignment=\u00bbdefault\u00bb background_color_opacity=\u00bb1&#8243; background_hover_color_opacity=\u00bb1&#8243; column_backdrop_filter=\u00bbnone\u00bb column_shadow=\u00bbnone\u00bb column_border_radius=\u00bbnone\u00bb column_link_target=\u00bb_self\u00bb overflow=\u00bbvisible\u00bb gradient_direction=\u00bbleft_to_right\u00bb overlay_strength=\u00bb0.3&#8243; width=\u00bb2\/3&#8243; tablet_width_inherit=\u00bbdefault\u00bb animation_type=\u00bbparallax\u00bb animation_movement_type=\u00bbdefault\u00bb column_parallax_intensity=\u00bb-2&#8243; bg_image_animation=\u00bbnone\u00bb border_type=\u00bbsimple\u00bb column_border_width=\u00bbnone\u00bb column_border_style=\u00bbsolid\u00bb column_padding_type=\u00bbdefault\u00bb content_layout=\u00bbdefault\u00bb gradient_type=\u00bbdefault\u00bb][divider line_type=\u00bbNo Line\u00bb custom_height=\u00bb200&#8243; custom_height_tablet=\u00bb150&#8243; custom_height_phone=\u00bb150&#8243;][split_line_heading line_reveal_by_space_text_effect=\u00bbdefault\u00bb font_style=\u00bbh1&#8243; text_color=\u00bb#05098B\u00bb stagger_animation=\u00bbtrue\u00bb content_alignment=\u00bbdefault\u00bb mobile_content_alignment=\u00bbinherit\u00bb animation_type=\u00bbline-reveal-by-space\u00bb link_target=\u00bb_self\u00bb text_content=\u00bbInscripci\u00f3n realizada correctamente\u00bb text_direction=\u00bbdefault\u00bb font_size_tablet=\u00bb46&#8243; font_size_phone=\u00bb46&#8243;][\/split_line_heading][divider line_type=\u00bbNo Line\u00bb custom_height=\u00bb50&#8243; custom_height_tablet=\u00bb20&#8243;][\/vc_column_inner][vc_column_inner column_padding=\u00bbno-extra-padding\u00bb column_padding_tablet=\u00bbpadding-4-percent\u00bb column_padding_phone=\u00bbpadding-4-percent\u00bb column_padding_position=\u00bbleft-right\u00bb column_element_direction_desktop=\u00bbdefault\u00bb column_element_spacing=\u00bbdefault\u00bb desktop_text_alignment=\u00bbdefault\u00bb tablet_text_alignment=\u00bbdefault\u00bb phone_text_alignment=\u00bbdefault\u00bb background_color_opacity=\u00bb1&#8243; background_hover_color_opacity=\u00bb1&#8243; column_backdrop_filter=\u00bbnone\u00bb font_color=\u00bb#05098B\u00bb column_shadow=\u00bbnone\u00bb column_border_radius=\u00bbnone\u00bb column_link_target=\u00bb_self\u00bb overflow=\u00bbvisible\u00bb gradient_direction=\u00bbleft_to_right\u00bb overlay_strength=\u00bb0.3&#8243; width=\u00bb1\/3&#8243; tablet_width_inherit=\u00bbdefault\u00bb animation_type=\u00bbdefault\u00bb enable_animation=\u00bbtrue\u00bb animation=\u00bbfade-in-from-bottom\u00bb animation_easing=\u00bbdefault\u00bb bg_image_animation=\u00bbnone\u00bb border_type=\u00bbsimple\u00bb column_border_width=\u00bbnone\u00bb column_border_style=\u00bbsolid\u00bb column_padding_type=\u00bbdefault\u00bb content_layout=\u00bbdefault\u00bb gradient_type=\u00bbdefault\u00bb delay=\u00bb300&#8243; offset=\u00bbvc_hidden-sm vc_hidden-xs\u00bb][\/vc_column_inner][\/vc_row_inner][\/vc_column][\/vc_row][vc_row type=\u00bbfull_width_content\u00bb full_screen_row_position=\u00bbmiddle\u00bb column_margin=\u00bbdefault\u00bb column_direction=\u00bbdefault\u00bb column_direction_tablet=\u00bbdefault\u00bb column_direction_phone=\u00bbdefault\u00bb bg_color=\u00bb#05098B\u00bb scene_position=\u00bbcenter\u00bb left_padding_desktop=\u00bb100&#8243; constrain_group_3=\u00bbyes\u00bb left_padding_tablet=\u00bb10&#8243; text_color=\u00bbcustom\u00bb custom_text_color=\u00bb#05098B\u00bb text_align=\u00bbleft\u00bb row_border_radius=\u00bbnone\u00bb row_border_radius_applies=\u00bbbg\u00bb row_position_desktop=\u00bbdefault\u00bb row_position_tablet=\u00bbinherit\u00bb row_position_phone=\u00bbinherit\u00bb overflow=\u00bbvisible\u00bb overlay_strength=\u00bb0.3&#8243; gradient_direction=\u00bbleft_to_right\u00bb shape_divider_position=\u00bbbottom\u00bb bg_image_animation=\u00bbnone\u00bb gradient_type=\u00bbdefault\u00bb shape_type=\u00bb\u00bb][vc_column column_padding=\u00bbno-extra-padding\u00bb column_padding_tablet=\u00bbinherit\u00bb column_padding_phone=\u00bbinherit\u00bb column_padding_position=\u00bball\u00bb constrain_group_1=\u00bbyes\u00bb constrain_group_3=\u00bbyes\u00bb column_element_direction_desktop=\u00bbdefault\u00bb column_element_spacing=\u00bbdefault\u00bb desktop_text_alignment=\u00bbdefault\u00bb tablet_text_alignment=\u00bbdefault\u00bb phone_text_alignment=\u00bbdefault\u00bb background_color=\u00bb#FFFFFF\u00bb background_color_opacity=\u00bb1&#8243; background_hover_color_opacity=\u00bb1&#8243; column_backdrop_filter=\u00bbnone\u00bb column_shadow=\u00bbnone\u00bb column_border_radius=\u00bbnone\u00bb column_link_target=\u00bb_self\u00bb column_position=\u00bbdefault\u00bb gradient_direction=\u00bbleft_to_right\u00bb overlay_strength=\u00bb0.3&#8243; width=\u00bb1\/1&#8243; tablet_width_inherit=\u00bbdefault\u00bb animation_type=\u00bbdefault\u00bb bg_image_animation=\u00bbnone\u00bb border_type=\u00bbsimple\u00bb column_border_width=\u00bbnone\u00bb column_border_style=\u00bbsolid\u00bb column_padding_type=\u00bbdefault\u00bb content_layout=\u00bbdefault\u00bb gradient_type=\u00bbdefault\u00bb][vc_row_inner column_margin=\u00bbdefault\u00bb column_direction=\u00bbdefault\u00bb column_direction_tablet=\u00bbdefault\u00bb column_direction_phone=\u00bbdefault\u00bb text_align=\u00bbleft\u00bb row_position=\u00bbdefault\u00bb row_position_tablet=\u00bbinherit\u00bb row_position_phone=\u00bbinherit\u00bb overflow=\u00bbvisible\u00bb pointer_events=\u00bball\u00bb][vc_column_inner column_padding=\u00bbno-extra-padding\u00bb column_padding_tablet=\u00bbinherit\u00bb column_padding_phone=\u00bbinherit\u00bb column_padding_position=\u00bball\u00bb flex_gap_desktop=\u00bb10px\u00bb column_element_direction_desktop=\u00bbdefault\u00bb column_element_spacing=\u00bbdefault\u00bb desktop_text_alignment=\u00bbdefault\u00bb tablet_text_alignment=\u00bbdefault\u00bb phone_text_alignment=\u00bbdefault\u00bb background_color_opacity=\u00bb1&#8243; background_hover_color_opacity=\u00bb1&#8243; column_backdrop_filter=\u00bbnone\u00bb column_shadow=\u00bbnone\u00bb column_border_radius=\u00bbnone\u00bb column_link_target=\u00bb_self\u00bb overflow=\u00bbvisible\u00bb gradient_direction=\u00bbleft_to_right\u00bb overlay_strength=\u00bb0.3&#8243; width=\u00bb1\/6&#8243; tablet_width_inherit=\u00bbdefault\u00bb animation_type=\u00bbdefault\u00bb bg_image_animation=\u00bbnone\u00bb border_type=\u00bbsimple\u00bb column_border_width=\u00bbnone\u00bb column_border_style=\u00bbsolid\u00bb][\/vc_column_inner][vc_column_inner column_padding=\u00bbno-extra-padding\u00bb column_padding_tablet=\u00bbpadding-4-percent\u00bb column_padding_phone=\u00bbpadding-4-percent\u00bb column_padding_position=\u00bbleft-right\u00bb column_element_direction_desktop=\u00bbdefault\u00bb column_element_spacing=\u00bbdefault\u00bb desktop_text_alignment=\u00bbdefault\u00bb tablet_text_alignment=\u00bbdefault\u00bb phone_text_alignment=\u00bbdefault\u00bb background_color_opacity=\u00bb1&#8243; background_hover_color_opacity=\u00bb1&#8243; column_backdrop_filter=\u00bbnone\u00bb column_shadow=\u00bbnone\u00bb column_border_radius=\u00bbnone\u00bb column_link_target=\u00bb_self\u00bb overflow=\u00bbvisible\u00bb gradient_direction=\u00bbleft_to_right\u00bb overlay_strength=\u00bb0.3&#8243; width=\u00bb2\/3&#8243; tablet_width_inherit=\u00bbdefault\u00bb animation_type=\u00bbdefault\u00bb bg_image_animation=\u00bbnone\u00bb border_type=\u00bbsimple\u00bb column_border_width=\u00bbnone\u00bb column_border_style=\u00bbsolid\u00bb column_padding_type=\u00bbdefault\u00bb content_layout=\u00bbdefault\u00bb gradient_type=\u00bbdefault\u00bb][vc_column_text css=\u00bb\u00bb text_direction=\u00bbdefault\u00bb]\n<h3>Hemos recibido su solicitud para asistir a la Reuni\u00f3n Cercle d&#8217;Economia 2026.<\/h3>\n[\/vc_column_text][vc_column_text css=\u00bb\u00bb text_direction=\u00bbdefault\u00bb]Pr\u00f3ximamente recibir\u00e1 m\u00e1s detalles por correo electr\u00f3nico. <strong>Si no lo encuentra en la bandeja de entrada, revisa la carpeta de correo no deseado (SPAM).<\/strong><\/p>\n<p>Para cualquier duda, escr\u00edbanos a <a href=\"mailto:reunionanual@cercledeconomia.com\" target=\"_blank\" rel=\"noopener\">reunionanual@cercledeconomia.com<\/a> o ll\u00e1menos al 932 008 166.<\/p>\n<p>\u00a1Muchas gracias![\/vc_column_text][divider line_type=\u00bbNo Line\u00bb custom_height=\u00bb50&#8243; custom_height_tablet=\u00bb25&#8243;][nectar_cta btn_style=\u00bbbasic\u00bb heading_tag=\u00bbspan\u00bb link_type=\u00bbregular\u00bb button_color=\u00bbaccent-color\u00bb button_color_hover=\u00bb#F2F3FA\u00bb text_color=\u00bb#FFFFFF\u00bb text_color_hover=\u00bb#05098B\u00bb button_border_thickness=\u00bb0px\u00bb alignment=\u00bbleft\u00bb alignment_tablet=\u00bbdefault\u00bb alignment_phone=\u00bbdefault\u00bb constrain_group_3=\u00bbyes\u00bb constrain_group_4=\u00bbyes\u00bb display=\u00bbblock\u00bb display_tablet=\u00bbinherit\u00bb display_phone=\u00bbinherit\u00bb icon_family=\u00bbnone\u00bb link_text=\u00bbVolver a la p\u00e1gina de inicio\u00bb font_size_desktop=\u00bb20&#8243; url=\u00bbhttps:\/\/reuniocercledeconomia.com\/es\/\u00bb padding_top=\u00bb20&#8243; padding_bottom=\u00bb20&#8243; padding_left=\u00bb30&#8243; padding_right=\u00bb30&#8243;][divider line_type=\u00bbNo Line\u00bb custom_height=\u00bb100&#8243; custom_height_tablet=\u00bb50&#8243;][\/vc_column_inner][vc_column_inner column_padding=\u00bbno-extra-padding\u00bb column_padding_tablet=\u00bbinherit\u00bb column_padding_phone=\u00bbinherit\u00bb column_padding_position=\u00bball\u00bb flex_gap_desktop=\u00bb10px\u00bb column_element_direction_desktop=\u00bbdefault\u00bb column_element_spacing=\u00bbdefault\u00bb desktop_text_alignment=\u00bbdefault\u00bb tablet_text_alignment=\u00bbdefault\u00bb phone_text_alignment=\u00bbdefault\u00bb background_color_opacity=\u00bb1&#8243; background_hover_color_opacity=\u00bb1&#8243; column_backdrop_filter=\u00bbnone\u00bb column_shadow=\u00bbnone\u00bb column_border_radius=\u00bbnone\u00bb column_link_target=\u00bb_self\u00bb overflow=\u00bbvisible\u00bb gradient_direction=\u00bbleft_to_right\u00bb overlay_strength=\u00bb0.3&#8243; width=\u00bb1\/6&#8243; tablet_width_inherit=\u00bbdefault\u00bb animation_type=\u00bbdefault\u00bb bg_image_animation=\u00bbnone\u00bb border_type=\u00bbsimple\u00bb column_border_width=\u00bbnone\u00bb column_border_style=\u00bbsolid\u00bb][\/vc_column_inner][\/vc_row_inner][\/vc_column][\/vc_row]\n","protected":false},"excerpt":{"rendered":"<p>[vc_row type=\u00bbfull_width_content\u00bb full_screen_row_position=\u00bbmiddle\u00bb column_margin=\u00bbdefault\u00bb column_direction=\u00bbdefault\u00bb column_direction_tablet=\u00bbdefault\u00bb column_direction_phone=\u00bbdefault\u00bb bg_color=\u00bb#05098B\u00bb scene_position=\u00bbcenter\u00bb left_padding_desktop=\u00bb100&#8243; left_padding_tablet=\u00bb10&#8243; text_color=\u00bbdark\u00bb text_align=\u00bbleft\u00bb row_border_radius=\u00bbnone\u00bb row_border_radius_applies=\u00bbbg\u00bb row_position_desktop=\u00bbdefault\u00bb row_position_tablet=\u00bbinherit\u00bb row_position_phone=\u00bbinherit\u00bb overflow=\u00bbvisible\u00bb overlay_strength=\u00bb0.3&#8243; gradient_direction=\u00bbleft_to_right\u00bb shape_divider_position=\u00bbbottom\u00bb bg_image_animation=\u00bbnone\u00bb gradient_type=\u00bbdefault\u00bb shape_type=\u00bb\u00bb][vc_column column_padding=\u00bbno-extra-padding\u00bb column_padding_tablet=\u00bbinherit\u00bb column_padding_phone=\u00bbinherit\u00bb column_padding_position=\u00bball\u00bb column_element_direction_desktop=\u00bbdefault\u00bb&#8230;<\/p>\n","protected":false},"author":1,"featured_media":0,"parent":0,"menu_order":0,"comment_status":"closed","ping_status":"closed","template":"","meta":{"footnotes":""},"class_list":["post-660","page","type-page","status-publish"],"yoast_head":"<!-- This site is optimized with the Yoast SEO plugin v27.2 - https:\/\/yoast.com\/product\/yoast-seo-wordpress\/ -->\n<title>Inscripci\u00f3n OK - Reuni\u00f3 Cercle d&#039;Economia<\/title>\n<meta name=\"robots\" content=\"index, follow, max-snippet:-1, max-image-preview:large, max-video-preview:-1\" \/>\n<link rel=\"canonical\" href=\"https:\/\/reuniocercledeconomia.com\/es\/inscripcion-ok\/\" \/>\n<meta property=\"og:locale\" content=\"es_ES\" \/>\n<meta property=\"og:type\" content=\"article\" \/>\n<meta property=\"og:title\" content=\"Inscripci\u00f3n OK - Reuni\u00f3 Cercle d&#039;Economia\" \/>\n<meta property=\"og:description\" content=\"[vc_row type=\u00bbfull_width_content\u00bb full_screen_row_position=\u00bbmiddle\u00bb column_margin=\u00bbdefault\u00bb column_direction=\u00bbdefault\u00bb column_direction_tablet=\u00bbdefault\u00bb column_direction_phone=\u00bbdefault\u00bb bg_color=\u00bb#05098B\u00bb scene_position=\u00bbcenter\u00bb left_padding_desktop=\u00bb100&#8243; left_padding_tablet=\u00bb10&#8243; text_color=\u00bbdark\u00bb text_align=\u00bbleft\u00bb row_border_radius=\u00bbnone\u00bb row_border_radius_applies=\u00bbbg\u00bb row_position_desktop=\u00bbdefault\u00bb row_position_tablet=\u00bbinherit\u00bb row_position_phone=\u00bbinherit\u00bb overflow=\u00bbvisible\u00bb overlay_strength=\u00bb0.3&#8243; gradient_direction=\u00bbleft_to_right\u00bb shape_divider_position=\u00bbbottom\u00bb bg_image_animation=\u00bbnone\u00bb gradient_type=\u00bbdefault\u00bb shape_type=\u00bb\u00bb][vc_column column_padding=\u00bbno-extra-padding\u00bb column_padding_tablet=\u00bbinherit\u00bb column_padding_phone=\u00bbinherit\u00bb column_padding_position=\u00bball\u00bb column_element_direction_desktop=\u00bbdefault\u00bb...\" \/>\n<meta property=\"og:url\" content=\"https:\/\/reuniocercledeconomia.com\/es\/inscripcion-ok\/\" \/>\n<meta property=\"og:site_name\" content=\"Reuni\u00f3 Cercle d&#039;Economia\" \/>\n<meta property=\"article:modified_time\" content=\"2026-03-24T16:21:08+00:00\" \/>\n<meta name=\"twitter:card\" content=\"summary_large_image\" \/>\n<meta name=\"twitter:site\" content=\"@CdEconomia\" \/>\n<meta name=\"twitter:label1\" content=\"Tiempo de lectura\" \/>\n\t<meta name=\"twitter:data1\" content=\"6 minutos\" \/>\n<script type=\"application\/ld+json\" class=\"yoast-schema-graph\">{\"@context\":\"https:\/\/schema.org\",\"@graph\":[{\"@type\":\"WebPage\",\"@id\":\"https:\/\/reuniocercledeconomia.com\/es\/inscripcion-ok\/\",\"url\":\"https:\/\/reuniocercledeconomia.com\/es\/inscripcion-ok\/\",\"name\":\"Inscripci\u00f3n OK - Reuni\u00f3 Cercle d&#039;Economia\",\"isPartOf\":{\"@id\":\"https:\/\/reuniocercledeconomia.com\/es\/#website\"},\"datePublished\":\"2026-03-17T11:42:24+00:00\",\"dateModified\":\"2026-03-24T16:21:08+00:00\",\"breadcrumb\":{\"@id\":\"https:\/\/reuniocercledeconomia.com\/es\/inscripcion-ok\/#breadcrumb\"},\"inLanguage\":\"es\",\"potentialAction\":[{\"@type\":\"ReadAction\",\"target\":[\"https:\/\/reuniocercledeconomia.com\/es\/inscripcion-ok\/\"]}]},{\"@type\":\"BreadcrumbList\",\"@id\":\"https:\/\/reuniocercledeconomia.com\/es\/inscripcion-ok\/#breadcrumb\",\"itemListElement\":[{\"@type\":\"ListItem\",\"position\":1,\"name\":\"Inici\",\"item\":\"https:\/\/reuniocercledeconomia.com\/es\/homepage\/\"},{\"@type\":\"ListItem\",\"position\":2,\"name\":\"Inscripci\u00f3n OK\"}]},{\"@type\":\"WebSite\",\"@id\":\"https:\/\/reuniocercledeconomia.com\/es\/#website\",\"url\":\"https:\/\/reuniocercledeconomia.com\/es\/\",\"name\":\"Reuni\u00f3 Cercle d'Economia\",\"description\":\"Reptes i oportunitats per a l&#039;empresa, l&#039;economia i la pol\u00edtica\",\"publisher\":{\"@id\":\"https:\/\/reuniocercledeconomia.com\/es\/#organization\"},\"potentialAction\":[{\"@type\":\"SearchAction\",\"target\":{\"@type\":\"EntryPoint\",\"urlTemplate\":\"https:\/\/reuniocercledeconomia.com\/es\/?s={search_term_string}\"},\"query-input\":{\"@type\":\"PropertyValueSpecification\",\"valueRequired\":true,\"valueName\":\"search_term_string\"}}],\"inLanguage\":\"es\"},{\"@type\":\"Organization\",\"@id\":\"https:\/\/reuniocercledeconomia.com\/es\/#organization\",\"name\":\"Cercle d'Economia\",\"url\":\"https:\/\/reuniocercledeconomia.com\/es\/\",\"logo\":{\"@type\":\"ImageObject\",\"inLanguage\":\"es\",\"@id\":\"https:\/\/reuniocercledeconomia.com\/es\/#\/schema\/logo\/image\/\",\"url\":\"https:\/\/reuniocercledeconomia.com\/wp-content\/uploads\/2026\/02\/Cercle_logo.png\",\"contentUrl\":\"https:\/\/reuniocercledeconomia.com\/wp-content\/uploads\/2026\/02\/Cercle_logo.png\",\"width\":434,\"height\":92,\"caption\":\"Cercle d'Economia\"},\"image\":{\"@id\":\"https:\/\/reuniocercledeconomia.com\/es\/#\/schema\/logo\/image\/\"},\"sameAs\":[\"https:\/\/x.com\/CdEconomia\",\"https:\/\/www.linkedin.com\/company\/cercledeconomia\/\",\"https:\/\/www.instagram.com\/cercledeconomia\/\",\"https:\/\/www.youtube.com\/@CercledEconomia\"]}]}<\/script>\n<!-- \/ Yoast SEO plugin. -->","yoast_head_json":{"title":"Inscripci\u00f3n OK - Reuni\u00f3 Cercle d&#039;Economia","robots":{"index":"index","follow":"follow","max-snippet":"max-snippet:-1","max-image-preview":"max-image-preview:large","max-video-preview":"max-video-preview:-1"},"canonical":"https:\/\/reuniocercledeconomia.com\/es\/inscripcion-ok\/","og_locale":"es_ES","og_type":"article","og_title":"Inscripci\u00f3n OK - Reuni\u00f3 Cercle d&#039;Economia","og_description":"[vc_row type=\u00bbfull_width_content\u00bb full_screen_row_position=\u00bbmiddle\u00bb column_margin=\u00bbdefault\u00bb column_direction=\u00bbdefault\u00bb column_direction_tablet=\u00bbdefault\u00bb column_direction_phone=\u00bbdefault\u00bb bg_color=\u00bb#05098B\u00bb scene_position=\u00bbcenter\u00bb left_padding_desktop=\u00bb100&#8243; left_padding_tablet=\u00bb10&#8243; text_color=\u00bbdark\u00bb text_align=\u00bbleft\u00bb row_border_radius=\u00bbnone\u00bb row_border_radius_applies=\u00bbbg\u00bb row_position_desktop=\u00bbdefault\u00bb row_position_tablet=\u00bbinherit\u00bb row_position_phone=\u00bbinherit\u00bb overflow=\u00bbvisible\u00bb overlay_strength=\u00bb0.3&#8243; gradient_direction=\u00bbleft_to_right\u00bb shape_divider_position=\u00bbbottom\u00bb bg_image_animation=\u00bbnone\u00bb gradient_type=\u00bbdefault\u00bb shape_type=\u00bb\u00bb][vc_column column_padding=\u00bbno-extra-padding\u00bb column_padding_tablet=\u00bbinherit\u00bb column_padding_phone=\u00bbinherit\u00bb column_padding_position=\u00bball\u00bb column_element_direction_desktop=\u00bbdefault\u00bb...","og_url":"https:\/\/reuniocercledeconomia.com\/es\/inscripcion-ok\/","og_site_name":"Reuni\u00f3 Cercle d&#039;Economia","article_modified_time":"2026-03-24T16:21:08+00:00","twitter_card":"summary_large_image","twitter_site":"@CdEconomia","twitter_misc":{"Tiempo de lectura":"6 minutos"},"schema":{"@context":"https:\/\/schema.org","@graph":[{"@type":"WebPage","@id":"https:\/\/reuniocercledeconomia.com\/es\/inscripcion-ok\/","url":"https:\/\/reuniocercledeconomia.com\/es\/inscripcion-ok\/","name":"Inscripci\u00f3n OK - Reuni\u00f3 Cercle d&#039;Economia","isPartOf":{"@id":"https:\/\/reuniocercledeconomia.com\/es\/#website"},"datePublished":"2026-03-17T11:42:24+00:00","dateModified":"2026-03-24T16:21:08+00:00","breadcrumb":{"@id":"https:\/\/reuniocercledeconomia.com\/es\/inscripcion-ok\/#breadcrumb"},"inLanguage":"es","potentialAction":[{"@type":"ReadAction","target":["https:\/\/reuniocercledeconomia.com\/es\/inscripcion-ok\/"]}]},{"@type":"BreadcrumbList","@id":"https:\/\/reuniocercledeconomia.com\/es\/inscripcion-ok\/#breadcrumb","itemListElement":[{"@type":"ListItem","position":1,"name":"Inici","item":"https:\/\/reuniocercledeconomia.com\/es\/homepage\/"},{"@type":"ListItem","position":2,"name":"Inscripci\u00f3n OK"}]},{"@type":"WebSite","@id":"https:\/\/reuniocercledeconomia.com\/es\/#website","url":"https:\/\/reuniocercledeconomia.com\/es\/","name":"Reuni\u00f3 Cercle d'Economia","description":"Reptes i oportunitats per a l&#039;empresa, l&#039;economia i la pol\u00edtica","publisher":{"@id":"https:\/\/reuniocercledeconomia.com\/es\/#organization"},"potentialAction":[{"@type":"SearchAction","target":{"@type":"EntryPoint","urlTemplate":"https:\/\/reuniocercledeconomia.com\/es\/?s={search_term_string}"},"query-input":{"@type":"PropertyValueSpecification","valueRequired":true,"valueName":"search_term_string"}}],"inLanguage":"es"},{"@type":"Organization","@id":"https:\/\/reuniocercledeconomia.com\/es\/#organization","name":"Cercle d'Economia","url":"https:\/\/reuniocercledeconomia.com\/es\/","logo":{"@type":"ImageObject","inLanguage":"es","@id":"https:\/\/reuniocercledeconomia.com\/es\/#\/schema\/logo\/image\/","url":"https:\/\/reuniocercledeconomia.com\/wp-content\/uploads\/2026\/02\/Cercle_logo.png","contentUrl":"https:\/\/reuniocercledeconomia.com\/wp-content\/uploads\/2026\/02\/Cercle_logo.png","width":434,"height":92,"caption":"Cercle d'Economia"},"image":{"@id":"https:\/\/reuniocercledeconomia.com\/es\/#\/schema\/logo\/image\/"},"sameAs":["https:\/\/x.com\/CdEconomia","https:\/\/www.linkedin.com\/company\/cercledeconomia\/","https:\/\/www.instagram.com\/cercledeconomia\/","https:\/\/www.youtube.com\/@CercledEconomia"]}]}},"_links":{"self":[{"href":"https:\/\/reuniocercledeconomia.com\/es\/wp-json\/wp\/v2\/pages\/660","targetHints":{"allow":["GET"]}}],"collection":[{"href":"https:\/\/reuniocercledeconomia.com\/es\/wp-json\/wp\/v2\/pages"}],"about":[{"href":"https:\/\/reuniocercledeconomia.com\/es\/wp-json\/wp\/v2\/types\/page"}],"author":[{"embeddable":true,"href":"https:\/\/reuniocercledeconomia.com\/es\/wp-json\/wp\/v2\/users\/1"}],"replies":[{"embeddable":true,"href":"https:\/\/reuniocercledeconomia.com\/es\/wp-json\/wp\/v2\/comments?post=660"}],"version-history":[{"count":17,"href":"https:\/\/reuniocercledeconomia.com\/es\/wp-json\/wp\/v2\/pages\/660\/revisions"}],"predecessor-version":[{"id":797,"href":"https:\/\/reuniocercledeconomia.com\/es\/wp-json\/wp\/v2\/pages\/660\/revisions\/797"}],"wp:attachment":[{"href":"https:\/\/reuniocercledeconomia.com\/es\/wp-json\/wp\/v2\/media?parent=660"}],"curies":[{"name":"wp","href":"https:\/\/api.w.org\/{rel}","templated":true}]}}