{"id":375,"date":"2026-02-10T17:27:07","date_gmt":"2026-02-10T17:27:07","guid":{"rendered":"https:\/\/reuniocercledeconomia.com\/politica-de-privacitat\/"},"modified":"2026-03-25T14:39:51","modified_gmt":"2026-03-25T14:39:51","slug":"politica-de-privacidad","status":"publish","type":"page","link":"https:\/\/reuniocercledeconomia.com\/es\/politica-de-privacidad\/","title":{"rendered":"Pol\u00edtica de Privacidad"},"content":{"rendered":"[vc_row type=\u00bbfull_width_content\u00bb full_screen_row_position=\u00bbmiddle\u00bb column_margin=\u00bbdefault\u00bb column_direction=\u00bbdefault\u00bb column_direction_tablet=\u00bbdefault\u00bb column_direction_phone=\u00bbdefault\u00bb bg_color=\u00bb#05098B\u00bb scene_position=\u00bbcenter\u00bb left_padding_desktop=\u00bb100&#8243; left_padding_tablet=\u00bb10&#8243; text_color=\u00bbdark\u00bb text_align=\u00bbleft\u00bb row_border_radius=\u00bbnone\u00bb row_border_radius_applies=\u00bbbg\u00bb row_position_desktop=\u00bbdefault\u00bb row_position_tablet=\u00bbinherit\u00bb row_position_phone=\u00bbinherit\u00bb overflow=\u00bbvisible\u00bb overlay_strength=\u00bb0.3&#8243; gradient_direction=\u00bbleft_to_right\u00bb shape_divider_position=\u00bbbottom\u00bb bg_image_animation=\u00bbnone\u00bb gradient_type=\u00bbdefault\u00bb shape_type=\u00bb\u00bb][vc_column column_padding=\u00bbno-extra-padding\u00bb column_padding_tablet=\u00bbinherit\u00bb column_padding_phone=\u00bbinherit\u00bb column_padding_position=\u00bball\u00bb column_element_direction_desktop=\u00bbdefault\u00bb column_element_spacing=\u00bbdefault\u00bb desktop_text_alignment=\u00bbdefault\u00bb tablet_text_alignment=\u00bbdefault\u00bb phone_text_alignment=\u00bbdefault\u00bb background_color=\u00bb#FFFFFF\u00bb background_color_opacity=\u00bb1&#8243; background_hover_color_opacity=\u00bb1&#8243; column_backdrop_filter=\u00bbnone\u00bb column_shadow=\u00bbnone\u00bb column_border_radius=\u00bbnone\u00bb column_link_target=\u00bb_self\u00bb column_position=\u00bbdefault\u00bb gradient_direction=\u00bbleft_to_right\u00bb overlay_strength=\u00bb0.3&#8243; width=\u00bb1\/1&#8243; tablet_width_inherit=\u00bbdefault\u00bb animation_type=\u00bbdefault\u00bb bg_image_animation=\u00bbnone\u00bb border_type=\u00bbsimple\u00bb column_border_width=\u00bbnone\u00bb column_border_style=\u00bbsolid\u00bb column_padding_type=\u00bbdefault\u00bb content_layout=\u00bbdefault\u00bb gradient_type=\u00bbdefault\u00bb][vc_row_inner equal_height=\u00bbyes\u00bb content_placement=\u00bbbottom\u00bb column_margin=\u00bbdefault\u00bb column_direction=\u00bbdefault\u00bb column_direction_tablet=\u00bbdefault\u00bb column_direction_phone=\u00bbdefault\u00bb text_align=\u00bbleft\u00bb row_position=\u00bbdefault\u00bb row_position_tablet=\u00bbinherit\u00bb row_position_phone=\u00bbinherit\u00bb overflow=\u00bbvisible\u00bb pointer_events=\u00bball\u00bb][vc_column_inner column_padding=\u00bbpadding-4-percent\u00bb column_padding_tablet=\u00bbinherit\u00bb column_padding_phone=\u00bbinherit\u00bb column_padding_position=\u00bbleft-right\u00bb column_element_direction_desktop=\u00bbdefault\u00bb column_element_spacing=\u00bbdefault\u00bb desktop_text_alignment=\u00bbdefault\u00bb tablet_text_alignment=\u00bbdefault\u00bb phone_text_alignment=\u00bbdefault\u00bb background_color_opacity=\u00bb1&#8243; background_hover_color_opacity=\u00bb1&#8243; column_backdrop_filter=\u00bbnone\u00bb column_shadow=\u00bbnone\u00bb column_border_radius=\u00bbnone\u00bb column_link_target=\u00bb_self\u00bb overflow=\u00bbvisible\u00bb gradient_direction=\u00bbleft_to_right\u00bb overlay_strength=\u00bb0.3&#8243; width=\u00bb2\/3&#8243; tablet_width_inherit=\u00bbdefault\u00bb animation_type=\u00bbparallax\u00bb animation_movement_type=\u00bbdefault\u00bb column_parallax_intensity=\u00bb-2&#8243; bg_image_animation=\u00bbnone\u00bb border_type=\u00bbsimple\u00bb column_border_width=\u00bbnone\u00bb column_border_style=\u00bbsolid\u00bb column_padding_type=\u00bbdefault\u00bb content_layout=\u00bbdefault\u00bb gradient_type=\u00bbdefault\u00bb][divider line_type=\u00bbNo Line\u00bb custom_height=\u00bb200&#8243; custom_height_tablet=\u00bb150&#8243; custom_height_phone=\u00bb150&#8243;][split_line_heading line_reveal_by_space_text_effect=\u00bbdefault\u00bb font_style=\u00bbh1&#8243; text_color=\u00bb#05098B\u00bb stagger_animation=\u00bbtrue\u00bb content_alignment=\u00bbdefault\u00bb mobile_content_alignment=\u00bbinherit\u00bb animation_type=\u00bbline-reveal-by-space\u00bb link_target=\u00bb_self\u00bb text_content=\u00bbPol\u00edtica de Privacidad\u00bb text_direction=\u00bbdefault\u00bb][\/split_line_heading][divider line_type=\u00bbNo Line\u00bb custom_height=\u00bb100&#8243; custom_height_tablet=\u00bb20&#8243;][\/vc_column_inner][vc_column_inner column_padding=\u00bbpadding-4-percent\u00bb column_padding_tablet=\u00bbpadding-4-percent\u00bb column_padding_phone=\u00bbpadding-4-percent\u00bb column_padding_position=\u00bbleft-right\u00bb column_element_direction_desktop=\u00bbdefault\u00bb column_element_spacing=\u00bbdefault\u00bb desktop_text_alignment=\u00bbdefault\u00bb tablet_text_alignment=\u00bbdefault\u00bb phone_text_alignment=\u00bbdefault\u00bb background_color_opacity=\u00bb1&#8243; background_hover_color_opacity=\u00bb1&#8243; column_backdrop_filter=\u00bbnone\u00bb font_color=\u00bb#05098B\u00bb column_shadow=\u00bbnone\u00bb column_border_radius=\u00bbnone\u00bb column_link_target=\u00bb_self\u00bb overflow=\u00bbvisible\u00bb gradient_direction=\u00bbleft_to_right\u00bb overlay_strength=\u00bb0.3&#8243; width=\u00bb1\/3&#8243; tablet_width_inherit=\u00bbdefault\u00bb animation_type=\u00bbdefault\u00bb enable_animation=\u00bbtrue\u00bb animation=\u00bbfade-in-from-bottom\u00bb animation_easing=\u00bbdefault\u00bb bg_image_animation=\u00bbnone\u00bb border_type=\u00bbsimple\u00bb column_border_width=\u00bbnone\u00bb column_border_style=\u00bbsolid\u00bb column_padding_type=\u00bbdefault\u00bb content_layout=\u00bbdefault\u00bb gradient_type=\u00bbdefault\u00bb delay=\u00bb300&#8243; offset=\u00bbvc_hidden-sm vc_hidden-xs\u00bb][nectar_cta btn_style=\u00bbarrow-animation\u00bb heading_tag=\u00bbspan\u00bb link_type=\u00bbregular\u00bb button_color=\u00bbdefault\u00bb text_color=\u00bb#05098B\u00bb text_color_hover=\u00bb#4247DB\u00bb button_border_thickness=\u00bb0px\u00bb alignment=\u00bbright\u00bb alignment_tablet=\u00bbleft\u00bb alignment_phone=\u00bbleft\u00bb display=\u00bbblock\u00bb display_tablet=\u00bbinherit\u00bb display_phone=\u00bbinherit\u00bb link_text=\u00bbP\u00e1gina de inicio\u00bb url=\u00bbhttps:\/\/reuniocercledeconomia.com\/es\/\u00bb][divider line_type=\u00bbNo Line\u00bb custom_height=\u00bb100&#8243; custom_height_tablet=\u00bb20&#8243;][\/vc_column_inner][\/vc_row_inner][\/vc_column][\/vc_row][vc_row type=\u00bbfull_width_content\u00bb full_screen_row_position=\u00bbmiddle\u00bb column_margin=\u00bbdefault\u00bb column_direction=\u00bbdefault\u00bb column_direction_tablet=\u00bbdefault\u00bb column_direction_phone=\u00bbdefault\u00bb bg_color=\u00bb#05098B\u00bb scene_position=\u00bbcenter\u00bb constrain_group_1=\u00bbyes\u00bb left_padding_desktop=\u00bb100&#8243; constrain_group_3=\u00bbyes\u00bb left_padding_tablet=\u00bb10&#8243; text_color=\u00bbdark\u00bb text_align=\u00bbleft\u00bb row_border_radius=\u00bbnone\u00bb row_border_radius_applies=\u00bbbg\u00bb row_position_desktop=\u00bbdefault\u00bb row_position_tablet=\u00bbinherit\u00bb row_position_phone=\u00bbinherit\u00bb overflow=\u00bbvisible\u00bb overlay_strength=\u00bb0.3&#8243; gradient_direction=\u00bbleft_to_right\u00bb shape_divider_position=\u00bbbottom\u00bb bg_image_animation=\u00bbnone\u00bb gradient_type=\u00bbdefault\u00bb shape_type=\u00bb\u00bb][vc_column column_padding=\u00bbno-extra-padding\u00bb column_padding_tablet=\u00bbinherit\u00bb column_padding_phone=\u00bbinherit\u00bb column_padding_position=\u00bball\u00bb constrain_group_1=\u00bbyes\u00bb constrain_group_3=\u00bbyes\u00bb column_element_direction_desktop=\u00bbdefault\u00bb column_element_spacing=\u00bbdefault\u00bb desktop_text_alignment=\u00bbdefault\u00bb tablet_text_alignment=\u00bbdefault\u00bb phone_text_alignment=\u00bbdefault\u00bb background_color=\u00bb#FFFFFF\u00bb background_color_opacity=\u00bb1&#8243; background_hover_color_opacity=\u00bb1&#8243; column_backdrop_filter=\u00bbnone\u00bb column_shadow=\u00bbnone\u00bb column_border_radius=\u00bbnone\u00bb column_link_target=\u00bb_self\u00bb column_position=\u00bbdefault\u00bb gradient_direction=\u00bbleft_to_right\u00bb overlay_strength=\u00bb0.3&#8243; width=\u00bb1\/1&#8243; tablet_width_inherit=\u00bbdefault\u00bb animation_type=\u00bbdefault\u00bb bg_image_animation=\u00bbnone\u00bb border_type=\u00bbsimple\u00bb column_border_width=\u00bbnone\u00bb column_border_style=\u00bbsolid\u00bb column_padding_type=\u00bbdefault\u00bb content_layout=\u00bbdefault\u00bb gradient_type=\u00bbdefault\u00bb][vc_row_inner column_margin=\u00bbdefault\u00bb column_direction=\u00bbdefault\u00bb column_direction_tablet=\u00bbdefault\u00bb column_direction_phone=\u00bbdefault\u00bb text_align=\u00bbleft\u00bb row_position=\u00bbdefault\u00bb row_position_tablet=\u00bbinherit\u00bb row_position_phone=\u00bbinherit\u00bb overflow=\u00bbvisible\u00bb pointer_events=\u00bball\u00bb][vc_column_inner column_padding=\u00bbno-extra-padding\u00bb column_padding_tablet=\u00bbinherit\u00bb column_padding_phone=\u00bbinherit\u00bb column_padding_position=\u00bball\u00bb flex_gap_desktop=\u00bb10px\u00bb column_element_direction_desktop=\u00bbdefault\u00bb column_element_spacing=\u00bbdefault\u00bb desktop_text_alignment=\u00bbdefault\u00bb tablet_text_alignment=\u00bbdefault\u00bb phone_text_alignment=\u00bbdefault\u00bb background_color_opacity=\u00bb1&#8243; background_hover_color_opacity=\u00bb1&#8243; column_backdrop_filter=\u00bbnone\u00bb column_shadow=\u00bbnone\u00bb column_border_radius=\u00bbnone\u00bb column_link_target=\u00bb_self\u00bb overflow=\u00bbvisible\u00bb gradient_direction=\u00bbleft_to_right\u00bb overlay_strength=\u00bb0.3&#8243; width=\u00bb1\/6&#8243; tablet_width_inherit=\u00bbdefault\u00bb animation_type=\u00bbdefault\u00bb bg_image_animation=\u00bbnone\u00bb border_type=\u00bbsimple\u00bb column_border_width=\u00bbnone\u00bb column_border_style=\u00bbsolid\u00bb][\/vc_column_inner][vc_column_inner column_padding=\u00bbno-extra-padding\u00bb column_padding_tablet=\u00bbpadding-4-percent\u00bb column_padding_phone=\u00bbpadding-4-percent\u00bb column_padding_position=\u00bbleft-right\u00bb column_element_direction_desktop=\u00bbdefault\u00bb column_element_spacing=\u00bbdefault\u00bb desktop_text_alignment=\u00bbdefault\u00bb tablet_text_alignment=\u00bbdefault\u00bb phone_text_alignment=\u00bbdefault\u00bb background_color_opacity=\u00bb1&#8243; background_hover_color_opacity=\u00bb1&#8243; column_backdrop_filter=\u00bbnone\u00bb column_shadow=\u00bbnone\u00bb column_border_radius=\u00bbnone\u00bb column_link_target=\u00bb_self\u00bb overflow=\u00bbvisible\u00bb gradient_direction=\u00bbleft_to_right\u00bb overlay_strength=\u00bb0.3&#8243; width=\u00bb2\/3&#8243; tablet_width_inherit=\u00bbdefault\u00bb animation_type=\u00bbdefault\u00bb bg_image_animation=\u00bbnone\u00bb border_type=\u00bbsimple\u00bb column_border_width=\u00bbnone\u00bb column_border_style=\u00bbsolid\u00bb column_padding_type=\u00bbdefault\u00bb content_layout=\u00bbdefault\u00bb gradient_type=\u00bbdefault\u00bb][vc_column_text css=\u00bb\u00bb text_direction=\u00bbdefault\u00bb]<strong>Responsable del tratamiento de sus datos personales:<\/strong>\u00a0ASOCIACI\u00d3N C\u00cdRCULO DE ECONOM\u00cdA, con CIF G08484735 y domicilio en c\/Proven\u00e7a, 298, 08008 de Barcelona.<\/p>\n<p><strong>Finalidades:<\/strong>\u00a0Gestionar y tramitar su inscripci\u00f3n voluntaria en el acto\/evento organizado por el C\u00edrculo de Econom\u00eda a que se refiere este formulario.<\/p>\n<p><strong>Base Legal del tratamiento:<\/strong>\u00a0Su consentimiento y el inter\u00e9s leg\u00edtimo.<\/p>\n<p><strong>Conservaci\u00f3n de datos:<\/strong>\u00a0Los datos personales se conservar\u00e1n durante el tiempo necesario para cumplir con la finalidad para la que se recogieron, salvo que haya una norma de rango legal que habilite su conservaci\u00f3n.<\/p>\n<p><strong>Destinatarios:<\/strong>\u00a0No se prev\u00e9n cesiones de datos a terceros.<\/p>\n<p><strong>Derechos:<\/strong>\u00a0Acceso, rectificaci\u00f3n, supresi\u00f3n, portabilidad, limitaci\u00f3n u oposici\u00f3n a su tratamiento, as\u00ed como tambi\u00e9n su derecho de retirar su consentimiento, dirigi\u00e9ndose por escrito a la ASOCIACI\u00d3N C\u00cdRCULO DE ECONOM\u00cdA, c\/Proven\u00e7a, 298, 08008 de Barcelona, junto con la fotocopia de su DNI. Si usted considera que sus derechos no se han atendido debidamente, usted tiene el derecho a presentar una reclamaci\u00f3n ante la Agencia Espa\u00f1ola de Protecci\u00f3n de Datos.<\/p>\n[\/vc_column_text][divider line_type=\u00bbNo Line\u00bb custom_height=\u00bb100&#8243; custom_height_tablet=\u00bb50&#8243;][\/vc_column_inner][vc_column_inner column_padding=\u00bbno-extra-padding\u00bb column_padding_tablet=\u00bbinherit\u00bb column_padding_phone=\u00bbinherit\u00bb column_padding_position=\u00bball\u00bb flex_gap_desktop=\u00bb10px\u00bb column_element_direction_desktop=\u00bbdefault\u00bb column_element_spacing=\u00bbdefault\u00bb desktop_text_alignment=\u00bbdefault\u00bb tablet_text_alignment=\u00bbdefault\u00bb phone_text_alignment=\u00bbdefault\u00bb background_color_opacity=\u00bb1&#8243; background_hover_color_opacity=\u00bb1&#8243; column_backdrop_filter=\u00bbnone\u00bb column_shadow=\u00bbnone\u00bb column_border_radius=\u00bbnone\u00bb column_link_target=\u00bb_self\u00bb overflow=\u00bbvisible\u00bb gradient_direction=\u00bbleft_to_right\u00bb overlay_strength=\u00bb0.3&#8243; width=\u00bb1\/6&#8243; tablet_width_inherit=\u00bbdefault\u00bb animation_type=\u00bbdefault\u00bb bg_image_animation=\u00bbnone\u00bb border_type=\u00bbsimple\u00bb column_border_width=\u00bbnone\u00bb column_border_style=\u00bbsolid\u00bb][\/vc_column_inner][\/vc_row_inner][\/vc_column][\/vc_row]\n","protected":false},"excerpt":{"rendered":"<p>[vc_row type=\u00bbfull_width_content\u00bb full_screen_row_position=\u00bbmiddle\u00bb column_margin=\u00bbdefault\u00bb column_direction=\u00bbdefault\u00bb column_direction_tablet=\u00bbdefault\u00bb column_direction_phone=\u00bbdefault\u00bb bg_color=\u00bb#05098B\u00bb scene_position=\u00bbcenter\u00bb left_padding_desktop=\u00bb100&#8243; left_padding_tablet=\u00bb10&#8243; text_color=\u00bbdark\u00bb text_align=\u00bbleft\u00bb row_border_radius=\u00bbnone\u00bb row_border_radius_applies=\u00bbbg\u00bb row_position_desktop=\u00bbdefault\u00bb row_position_tablet=\u00bbinherit\u00bb row_position_phone=\u00bbinherit\u00bb overflow=\u00bbvisible\u00bb overlay_strength=\u00bb0.3&#8243; gradient_direction=\u00bbleft_to_right\u00bb shape_divider_position=\u00bbbottom\u00bb bg_image_animation=\u00bbnone\u00bb gradient_type=\u00bbdefault\u00bb shape_type=\u00bb\u00bb][vc_column column_padding=\u00bbno-extra-padding\u00bb column_padding_tablet=\u00bbinherit\u00bb column_padding_phone=\u00bbinherit\u00bb column_padding_position=\u00bball\u00bb column_element_direction_desktop=\u00bbdefault\u00bb&#8230;<\/p>\n","protected":false},"author":1,"featured_media":0,"parent":0,"menu_order":0,"comment_status":"closed","ping_status":"closed","template":"","meta":{"footnotes":""},"class_list":["post-375","page","type-page","status-publish"],"yoast_head":"<!-- This site is optimized with the Yoast SEO plugin v27.2 - https:\/\/yoast.com\/product\/yoast-seo-wordpress\/ -->\n<title>Pol\u00edtica de Privacidad - Reuni\u00f3 Cercle d&#039;Economia<\/title>\n<meta name=\"robots\" content=\"index, follow, max-snippet:-1, max-image-preview:large, max-video-preview:-1\" \/>\n<link rel=\"canonical\" href=\"https:\/\/reuniocercledeconomia.com\/es\/politica-de-privacidad\/\" \/>\n<meta property=\"og:locale\" content=\"es_ES\" \/>\n<meta property=\"og:type\" content=\"article\" \/>\n<meta property=\"og:title\" content=\"Pol\u00edtica de Privacidad - Reuni\u00f3 Cercle d&#039;Economia\" \/>\n<meta property=\"og:description\" content=\"[vc_row type=\u00bbfull_width_content\u00bb full_screen_row_position=\u00bbmiddle\u00bb column_margin=\u00bbdefault\u00bb column_direction=\u00bbdefault\u00bb column_direction_tablet=\u00bbdefault\u00bb column_direction_phone=\u00bbdefault\u00bb bg_color=\u00bb#05098B\u00bb scene_position=\u00bbcenter\u00bb left_padding_desktop=\u00bb100&#8243; left_padding_tablet=\u00bb10&#8243; text_color=\u00bbdark\u00bb text_align=\u00bbleft\u00bb row_border_radius=\u00bbnone\u00bb row_border_radius_applies=\u00bbbg\u00bb row_position_desktop=\u00bbdefault\u00bb row_position_tablet=\u00bbinherit\u00bb row_position_phone=\u00bbinherit\u00bb overflow=\u00bbvisible\u00bb overlay_strength=\u00bb0.3&#8243; gradient_direction=\u00bbleft_to_right\u00bb shape_divider_position=\u00bbbottom\u00bb bg_image_animation=\u00bbnone\u00bb gradient_type=\u00bbdefault\u00bb shape_type=\u00bb\u00bb][vc_column column_padding=\u00bbno-extra-padding\u00bb column_padding_tablet=\u00bbinherit\u00bb column_padding_phone=\u00bbinherit\u00bb column_padding_position=\u00bball\u00bb column_element_direction_desktop=\u00bbdefault\u00bb...\" \/>\n<meta property=\"og:url\" content=\"https:\/\/reuniocercledeconomia.com\/es\/politica-de-privacidad\/\" \/>\n<meta property=\"og:site_name\" content=\"Reuni\u00f3 Cercle d&#039;Economia\" \/>\n<meta property=\"article:modified_time\" content=\"2026-03-25T14:39:51+00:00\" \/>\n<meta name=\"twitter:card\" content=\"summary_large_image\" \/>\n<meta name=\"twitter:site\" content=\"@CdEconomia\" \/>\n<meta name=\"twitter:label1\" content=\"Tiempo de lectura\" \/>\n\t<meta name=\"twitter:data1\" content=\"1 minuto\" \/>\n<script type=\"application\/ld+json\" class=\"yoast-schema-graph\">{\"@context\":\"https:\/\/schema.org\",\"@graph\":[{\"@type\":\"WebPage\",\"@id\":\"https:\/\/reuniocercledeconomia.com\/es\/politica-de-privacidad\/\",\"url\":\"https:\/\/reuniocercledeconomia.com\/es\/politica-de-privacidad\/\",\"name\":\"Pol\u00edtica de Privacidad - Reuni\u00f3 Cercle d&#039;Economia\",\"isPartOf\":{\"@id\":\"https:\/\/reuniocercledeconomia.com\/es\/#website\"},\"datePublished\":\"2026-02-10T17:27:07+00:00\",\"dateModified\":\"2026-03-25T14:39:51+00:00\",\"breadcrumb\":{\"@id\":\"https:\/\/reuniocercledeconomia.com\/es\/politica-de-privacidad\/#breadcrumb\"},\"inLanguage\":\"es\",\"potentialAction\":[{\"@type\":\"ReadAction\",\"target\":[\"https:\/\/reuniocercledeconomia.com\/es\/politica-de-privacidad\/\"]}]},{\"@type\":\"BreadcrumbList\",\"@id\":\"https:\/\/reuniocercledeconomia.com\/es\/politica-de-privacidad\/#breadcrumb\",\"itemListElement\":[{\"@type\":\"ListItem\",\"position\":1,\"name\":\"Inici\",\"item\":\"https:\/\/reuniocercledeconomia.com\/es\/homepage\/\"},{\"@type\":\"ListItem\",\"position\":2,\"name\":\"Pol\u00edtica de Privacidad\"}]},{\"@type\":\"WebSite\",\"@id\":\"https:\/\/reuniocercledeconomia.com\/es\/#website\",\"url\":\"https:\/\/reuniocercledeconomia.com\/es\/\",\"name\":\"Reuni\u00f3 Cercle d'Economia\",\"description\":\"Reptes i oportunitats per a l&#039;empresa, l&#039;economia i la pol\u00edtica\",\"publisher\":{\"@id\":\"https:\/\/reuniocercledeconomia.com\/es\/#organization\"},\"potentialAction\":[{\"@type\":\"SearchAction\",\"target\":{\"@type\":\"EntryPoint\",\"urlTemplate\":\"https:\/\/reuniocercledeconomia.com\/es\/?s={search_term_string}\"},\"query-input\":{\"@type\":\"PropertyValueSpecification\",\"valueRequired\":true,\"valueName\":\"search_term_string\"}}],\"inLanguage\":\"es\"},{\"@type\":\"Organization\",\"@id\":\"https:\/\/reuniocercledeconomia.com\/es\/#organization\",\"name\":\"Cercle d'Economia\",\"url\":\"https:\/\/reuniocercledeconomia.com\/es\/\",\"logo\":{\"@type\":\"ImageObject\",\"inLanguage\":\"es\",\"@id\":\"https:\/\/reuniocercledeconomia.com\/es\/#\/schema\/logo\/image\/\",\"url\":\"https:\/\/reuniocercledeconomia.com\/wp-content\/uploads\/2026\/02\/Cercle_logo.png\",\"contentUrl\":\"https:\/\/reuniocercledeconomia.com\/wp-content\/uploads\/2026\/02\/Cercle_logo.png\",\"width\":434,\"height\":92,\"caption\":\"Cercle d'Economia\"},\"image\":{\"@id\":\"https:\/\/reuniocercledeconomia.com\/es\/#\/schema\/logo\/image\/\"},\"sameAs\":[\"https:\/\/x.com\/CdEconomia\",\"https:\/\/www.linkedin.com\/company\/cercledeconomia\/\",\"https:\/\/www.instagram.com\/cercledeconomia\/\",\"https:\/\/www.youtube.com\/@CercledEconomia\"]}]}<\/script>\n<!-- \/ Yoast SEO plugin. -->","yoast_head_json":{"title":"Pol\u00edtica de Privacidad - Reuni\u00f3 Cercle d&#039;Economia","robots":{"index":"index","follow":"follow","max-snippet":"max-snippet:-1","max-image-preview":"max-image-preview:large","max-video-preview":"max-video-preview:-1"},"canonical":"https:\/\/reuniocercledeconomia.com\/es\/politica-de-privacidad\/","og_locale":"es_ES","og_type":"article","og_title":"Pol\u00edtica de Privacidad - Reuni\u00f3 Cercle d&#039;Economia","og_description":"[vc_row type=\u00bbfull_width_content\u00bb full_screen_row_position=\u00bbmiddle\u00bb column_margin=\u00bbdefault\u00bb column_direction=\u00bbdefault\u00bb column_direction_tablet=\u00bbdefault\u00bb column_direction_phone=\u00bbdefault\u00bb bg_color=\u00bb#05098B\u00bb scene_position=\u00bbcenter\u00bb left_padding_desktop=\u00bb100&#8243; left_padding_tablet=\u00bb10&#8243; text_color=\u00bbdark\u00bb text_align=\u00bbleft\u00bb row_border_radius=\u00bbnone\u00bb row_border_radius_applies=\u00bbbg\u00bb row_position_desktop=\u00bbdefault\u00bb row_position_tablet=\u00bbinherit\u00bb row_position_phone=\u00bbinherit\u00bb overflow=\u00bbvisible\u00bb overlay_strength=\u00bb0.3&#8243; gradient_direction=\u00bbleft_to_right\u00bb shape_divider_position=\u00bbbottom\u00bb bg_image_animation=\u00bbnone\u00bb gradient_type=\u00bbdefault\u00bb shape_type=\u00bb\u00bb][vc_column column_padding=\u00bbno-extra-padding\u00bb column_padding_tablet=\u00bbinherit\u00bb column_padding_phone=\u00bbinherit\u00bb column_padding_position=\u00bball\u00bb column_element_direction_desktop=\u00bbdefault\u00bb...","og_url":"https:\/\/reuniocercledeconomia.com\/es\/politica-de-privacidad\/","og_site_name":"Reuni\u00f3 Cercle d&#039;Economia","article_modified_time":"2026-03-25T14:39:51+00:00","twitter_card":"summary_large_image","twitter_site":"@CdEconomia","twitter_misc":{"Tiempo de lectura":"1 minuto"},"schema":{"@context":"https:\/\/schema.org","@graph":[{"@type":"WebPage","@id":"https:\/\/reuniocercledeconomia.com\/es\/politica-de-privacidad\/","url":"https:\/\/reuniocercledeconomia.com\/es\/politica-de-privacidad\/","name":"Pol\u00edtica de Privacidad - Reuni\u00f3 Cercle d&#039;Economia","isPartOf":{"@id":"https:\/\/reuniocercledeconomia.com\/es\/#website"},"datePublished":"2026-02-10T17:27:07+00:00","dateModified":"2026-03-25T14:39:51+00:00","breadcrumb":{"@id":"https:\/\/reuniocercledeconomia.com\/es\/politica-de-privacidad\/#breadcrumb"},"inLanguage":"es","potentialAction":[{"@type":"ReadAction","target":["https:\/\/reuniocercledeconomia.com\/es\/politica-de-privacidad\/"]}]},{"@type":"BreadcrumbList","@id":"https:\/\/reuniocercledeconomia.com\/es\/politica-de-privacidad\/#breadcrumb","itemListElement":[{"@type":"ListItem","position":1,"name":"Inici","item":"https:\/\/reuniocercledeconomia.com\/es\/homepage\/"},{"@type":"ListItem","position":2,"name":"Pol\u00edtica de Privacidad"}]},{"@type":"WebSite","@id":"https:\/\/reuniocercledeconomia.com\/es\/#website","url":"https:\/\/reuniocercledeconomia.com\/es\/","name":"Reuni\u00f3 Cercle d'Economia","description":"Reptes i oportunitats per a l&#039;empresa, l&#039;economia i la pol\u00edtica","publisher":{"@id":"https:\/\/reuniocercledeconomia.com\/es\/#organization"},"potentialAction":[{"@type":"SearchAction","target":{"@type":"EntryPoint","urlTemplate":"https:\/\/reuniocercledeconomia.com\/es\/?s={search_term_string}"},"query-input":{"@type":"PropertyValueSpecification","valueRequired":true,"valueName":"search_term_string"}}],"inLanguage":"es"},{"@type":"Organization","@id":"https:\/\/reuniocercledeconomia.com\/es\/#organization","name":"Cercle d'Economia","url":"https:\/\/reuniocercledeconomia.com\/es\/","logo":{"@type":"ImageObject","inLanguage":"es","@id":"https:\/\/reuniocercledeconomia.com\/es\/#\/schema\/logo\/image\/","url":"https:\/\/reuniocercledeconomia.com\/wp-content\/uploads\/2026\/02\/Cercle_logo.png","contentUrl":"https:\/\/reuniocercledeconomia.com\/wp-content\/uploads\/2026\/02\/Cercle_logo.png","width":434,"height":92,"caption":"Cercle d'Economia"},"image":{"@id":"https:\/\/reuniocercledeconomia.com\/es\/#\/schema\/logo\/image\/"},"sameAs":["https:\/\/x.com\/CdEconomia","https:\/\/www.linkedin.com\/company\/cercledeconomia\/","https:\/\/www.instagram.com\/cercledeconomia\/","https:\/\/www.youtube.com\/@CercledEconomia"]}]}},"_links":{"self":[{"href":"https:\/\/reuniocercledeconomia.com\/es\/wp-json\/wp\/v2\/pages\/375","targetHints":{"allow":["GET"]}}],"collection":[{"href":"https:\/\/reuniocercledeconomia.com\/es\/wp-json\/wp\/v2\/pages"}],"about":[{"href":"https:\/\/reuniocercledeconomia.com\/es\/wp-json\/wp\/v2\/types\/page"}],"author":[{"embeddable":true,"href":"https:\/\/reuniocercledeconomia.com\/es\/wp-json\/wp\/v2\/users\/1"}],"replies":[{"embeddable":true,"href":"https:\/\/reuniocercledeconomia.com\/es\/wp-json\/wp\/v2\/comments?post=375"}],"version-history":[{"count":4,"href":"https:\/\/reuniocercledeconomia.com\/es\/wp-json\/wp\/v2\/pages\/375\/revisions"}],"predecessor-version":[{"id":827,"href":"https:\/\/reuniocercledeconomia.com\/es\/wp-json\/wp\/v2\/pages\/375\/revisions\/827"}],"wp:attachment":[{"href":"https:\/\/reuniocercledeconomia.com\/es\/wp-json\/wp\/v2\/media?parent=375"}],"curies":[{"name":"wp","href":"https:\/\/api.w.org\/{rel}","templated":true}]}}